{"id":990,"date":"2022-10-18T04:20:14","date_gmt":"2022-10-18T04:20:14","guid":{"rendered":"http:\/\/bekagas.com\/jotaespaciocreativo\/?post_type=product&#038;p=990"},"modified":"2022-10-18T04:28:44","modified_gmt":"2022-10-18T04:28:44","slug":"manualidades-mes","status":"publish","type":"product","link":"https:\/\/bekagas.com\/jotaespaciocreativo\/producto\/manualidades-mes\/","title":{"rendered":"MANUALIDADES (Mes)"},"content":{"rendered":"<p>Ahora ya puedes crear en nuestro curso din\u00e1mico y divertido de manualidades donde podr\u00e1s hacer un sinf\u00edn de trabajos con diferentes materiales y t\u00e9cnicas. Desde objetos decorativos y pinturas art\u00edsticas, hasta piezas recicladas.<\/p>\n<p>Te ense\u00f1aremos a hacer mosaicos, candelabros, vac\u00eda bolsillos, decoraci\u00f3n de l\u00e1mparas, pintura en cristal. Conoce el puntillismo o pinta tu propia camiseta\u2026 tenemos miles de recursos. \u00a1Ap\u00fantate!<\/p>\n","protected":false},"excerpt":{"rendered":"<p>Ahora ya puedes crear en nuestro curso din\u00e1mico y divertido de manualidades donde podr\u00e1s hacer un sinf\u00edn de trabajos con diferentes materiales y t\u00e9cnicas. Desde objetos decorativos y pinturas art\u00edsticas, hasta piezas recicladas.<\/p>\n<p>Te ense\u00f1aremos a hacer mosaicos, candelabros, vac\u00eda bolsillos, decoraci\u00f3n de l\u00e1mparas, pintura en cristal. Conoce el puntillismo o pinta tu propia camiseta\u2026 tenemos miles de recursos. \u00a1Ap\u00fantate!<\/p>\n","protected":false},"featured_media":995,"comment_status":"open","ping_status":"closed","template":"","meta":[],"product_brand":[],"product_cat":[17],"product_tag":[],"class_list":{"0":"post-990","1":"product","2":"type-product","3":"status-publish","4":"has-post-thumbnail","6":"product_cat-sin-categorizar","8":"first","9":"instock","10":"virtual","11":"purchasable","12":"product-type-simple"},"_links":{"self":[{"href":"https:\/\/bekagas.com\/jotaespaciocreativo\/wp-json\/wp\/v2\/product\/990","targetHints":{"allow":["GET"]}}],"collection":[{"href":"https:\/\/bekagas.com\/jotaespaciocreativo\/wp-json\/wp\/v2\/product"}],"about":[{"href":"https:\/\/bekagas.com\/jotaespaciocreativo\/wp-json\/wp\/v2\/types\/product"}],"replies":[{"embeddable":true,"href":"https:\/\/bekagas.com\/jotaespaciocreativo\/wp-json\/wp\/v2\/comments?post=990"}],"wp:featuredmedia":[{"embeddable":true,"href":"https:\/\/bekagas.com\/jotaespaciocreativo\/wp-json\/wp\/v2\/media\/995"}],"wp:attachment":[{"href":"https:\/\/bekagas.com\/jotaespaciocreativo\/wp-json\/wp\/v2\/media?parent=990"}],"wp:term":[{"taxonomy":"product_brand","embeddable":true,"href":"https:\/\/bekagas.com\/jotaespaciocreativo\/wp-json\/wp\/v2\/product_brand?post=990"},{"taxonomy":"product_cat","embeddable":true,"href":"https:\/\/bekagas.com\/jotaespaciocreativo\/wp-json\/wp\/v2\/product_cat?post=990"},{"taxonomy":"product_tag","embeddable":true,"href":"https:\/\/bekagas.com\/jotaespaciocreativo\/wp-json\/wp\/v2\/product_tag?post=990"}],"curies":[{"name":"wp","href":"https:\/\/api.w.org\/{rel}","templated":true}]}}