{"id":316,"date":"2022-06-01T10:22:40","date_gmt":"2022-06-01T10:22:40","guid":{"rendered":"http:\/\/bekagas.com\/jotaespaciocreativo\/?post_type=product&#038;p=316"},"modified":"2022-06-10T15:47:56","modified_gmt":"2022-06-10T15:47:56","slug":"tapeo-ceramico","status":"publish","type":"product","link":"https:\/\/bekagas.com\/jotaespaciocreativo\/producto\/tapeo-ceramico\/","title":{"rendered":"TAPEO CER\u00c1MICO"},"content":{"rendered":"<p>Y para las tardes-noches te proponemos un tapeo gourmet \u00fanico y al finalizar prep\u00e1rate a disfrutar con amigas y amigos creando tus cuencos para el sushi. Te garantizamos 3 horas de diversi\u00f3n y relax. Grupos reducidos 8-10 personas.<\/p>\n<p><strong>Incluye:<\/strong><br \/>\nTapas variadas gourmet, vino blanco y tinto, cervezas, refrescos y un dulce final.<br \/>\nMateriales de trabajo y cocci\u00f3n o bizcochado de la pieza.<\/p>\n","protected":false},"excerpt":{"rendered":"<p>Y para las tardes-noches te proponemos un tapeo gourmet \u00fanico y al finalizar prep\u00e1rate a disfrutar con amigas y amigos creando tus cuencos para el sushi. Te garantizamos 3 horas de diversi\u00f3n y relax.<\/p>\n","protected":false},"featured_media":182,"comment_status":"open","ping_status":"closed","template":"","meta":[],"product_brand":[],"product_cat":[17],"product_tag":[],"class_list":{"0":"post-316","1":"product","2":"type-product","3":"status-publish","4":"has-post-thumbnail","6":"product_cat-sin-categorizar","8":"first","9":"instock","10":"virtual","11":"purchasable","12":"product-type-simple"},"_links":{"self":[{"href":"https:\/\/bekagas.com\/jotaespaciocreativo\/wp-json\/wp\/v2\/product\/316","targetHints":{"allow":["GET"]}}],"collection":[{"href":"https:\/\/bekagas.com\/jotaespaciocreativo\/wp-json\/wp\/v2\/product"}],"about":[{"href":"https:\/\/bekagas.com\/jotaespaciocreativo\/wp-json\/wp\/v2\/types\/product"}],"replies":[{"embeddable":true,"href":"https:\/\/bekagas.com\/jotaespaciocreativo\/wp-json\/wp\/v2\/comments?post=316"}],"wp:featuredmedia":[{"embeddable":true,"href":"https:\/\/bekagas.com\/jotaespaciocreativo\/wp-json\/wp\/v2\/media\/182"}],"wp:attachment":[{"href":"https:\/\/bekagas.com\/jotaespaciocreativo\/wp-json\/wp\/v2\/media?parent=316"}],"wp:term":[{"taxonomy":"product_brand","embeddable":true,"href":"https:\/\/bekagas.com\/jotaespaciocreativo\/wp-json\/wp\/v2\/product_brand?post=316"},{"taxonomy":"product_cat","embeddable":true,"href":"https:\/\/bekagas.com\/jotaespaciocreativo\/wp-json\/wp\/v2\/product_cat?post=316"},{"taxonomy":"product_tag","embeddable":true,"href":"https:\/\/bekagas.com\/jotaespaciocreativo\/wp-json\/wp\/v2\/product_tag?post=316"}],"curies":[{"name":"wp","href":"https:\/\/api.w.org\/{rel}","templated":true}]}}