{"id":300,"date":"2022-06-01T10:08:27","date_gmt":"2022-06-01T10:08:27","guid":{"rendered":"http:\/\/bekagas.com\/jotaespaciocreativo\/?post_type=product&#038;p=300"},"modified":"2024-03-23T06:07:48","modified_gmt":"2024-03-23T06:07:48","slug":"clases-de-ceramica-mensual","status":"publish","type":"product","link":"https:\/\/bekagas.com\/jotaespaciocreativo\/producto\/clases-de-ceramica-mensual\/","title":{"rendered":"CLASES DE CER\u00c1MICA (Mes)"},"content":{"rendered":"<p>Disfruta aprendiendo diferentes t\u00e9cnicas cer\u00e1micas, modelado, escultura, torno. Experimenta con pasta Fimo o in\u00edciate en el arte de la joyer\u00eda y la bisuter\u00eda. Primera clase Gratis.<\/p>\n<p><strong>M\u00e1s info:<\/strong><br \/>\nClases mensuales: 1 d\u00eda a la semana 2 horas, 80\u20ac<br \/>\nClases individuales: 2 horas, 35\u20ac<br \/>\nCocci\u00f3n de piezas: Seg\u00fan tama\u00f1o<\/p>\n","protected":false},"excerpt":{"rendered":"<p>Disfruta aprendiendo diferentes t\u00e9cnicas cer\u00e1micas, modelado, escultura, torno. Experimenta con pasta Fimo o in\u00edciate en el arte de la joyer\u00eda y la bisuter\u00eda. Primera clase Gratis.<\/p>\n","protected":false},"featured_media":189,"comment_status":"open","ping_status":"closed","template":"","meta":[],"product_brand":[],"product_cat":[17],"product_tag":[],"class_list":{"0":"post-300","1":"product","2":"type-product","3":"status-publish","4":"has-post-thumbnail","6":"product_cat-sin-categorizar","8":"first","9":"instock","10":"virtual","11":"purchasable","12":"product-type-simple"},"_links":{"self":[{"href":"https:\/\/bekagas.com\/jotaespaciocreativo\/wp-json\/wp\/v2\/product\/300","targetHints":{"allow":["GET"]}}],"collection":[{"href":"https:\/\/bekagas.com\/jotaespaciocreativo\/wp-json\/wp\/v2\/product"}],"about":[{"href":"https:\/\/bekagas.com\/jotaespaciocreativo\/wp-json\/wp\/v2\/types\/product"}],"replies":[{"embeddable":true,"href":"https:\/\/bekagas.com\/jotaespaciocreativo\/wp-json\/wp\/v2\/comments?post=300"}],"wp:featuredmedia":[{"embeddable":true,"href":"https:\/\/bekagas.com\/jotaespaciocreativo\/wp-json\/wp\/v2\/media\/189"}],"wp:attachment":[{"href":"https:\/\/bekagas.com\/jotaespaciocreativo\/wp-json\/wp\/v2\/media?parent=300"}],"wp:term":[{"taxonomy":"product_brand","embeddable":true,"href":"https:\/\/bekagas.com\/jotaespaciocreativo\/wp-json\/wp\/v2\/product_brand?post=300"},{"taxonomy":"product_cat","embeddable":true,"href":"https:\/\/bekagas.com\/jotaespaciocreativo\/wp-json\/wp\/v2\/product_cat?post=300"},{"taxonomy":"product_tag","embeddable":true,"href":"https:\/\/bekagas.com\/jotaespaciocreativo\/wp-json\/wp\/v2\/product_tag?post=300"}],"curies":[{"name":"wp","href":"https:\/\/api.w.org\/{rel}","templated":true}]}}