{"id":1011,"date":"2023-11-24T13:00:36","date_gmt":"2023-11-24T13:00:36","guid":{"rendered":"http:\/\/bekagas.com\/jotaespaciocreativo\/?post_type=product&#038;p=1011"},"modified":"2023-11-24T13:00:36","modified_gmt":"2023-11-24T13:00:36","slug":"tarjeta-regalo","status":"publish","type":"product","link":"https:\/\/bekagas.com\/jotaespaciocreativo\/producto\/tarjeta-regalo\/","title":{"rendered":"TARJETA REGALO"},"content":{"rendered":"<p>\u00a1Regala algo diferente y muy original! Un bono de 8 horas de creatividad y disfrute en nuestro Espacio, har\u00e1 feliz a l@s amantes de las manualidades o si prefieres una clase \u00fanica de 2 horas para iniciarte en el arte de la cer\u00e1mica.<\/p>\n<p><strong>M\u00e1s info:<\/strong><br \/>\nPrecio bono: 8 horas, 80 \u20ac<br \/>\nPrecio\u00a0clase\u00a0\u00fanica:\u00a02 horas, 35 \u20ac<\/p>\n","protected":false},"excerpt":{"rendered":"<p>\u00a1Regala algo diferente y muy original! Un bono de 8 horas de creatividad y disfrute en nuestro Espacio, har\u00e1 feliz a l@s amantes de las manualidades o si prefieres una clase \u00fanica de 2 horas para iniciarte en el arte de la cer\u00e1mica.<\/p>\n","protected":false},"featured_media":1012,"comment_status":"open","ping_status":"closed","template":"","meta":[],"product_brand":[],"product_cat":[17],"product_tag":[],"class_list":{"0":"post-1011","1":"product","2":"type-product","3":"status-publish","4":"has-post-thumbnail","6":"product_cat-sin-categorizar","8":"first","9":"instock","10":"virtual","11":"purchasable","12":"product-type-simple"},"_links":{"self":[{"href":"https:\/\/bekagas.com\/jotaespaciocreativo\/wp-json\/wp\/v2\/product\/1011","targetHints":{"allow":["GET"]}}],"collection":[{"href":"https:\/\/bekagas.com\/jotaespaciocreativo\/wp-json\/wp\/v2\/product"}],"about":[{"href":"https:\/\/bekagas.com\/jotaespaciocreativo\/wp-json\/wp\/v2\/types\/product"}],"replies":[{"embeddable":true,"href":"https:\/\/bekagas.com\/jotaespaciocreativo\/wp-json\/wp\/v2\/comments?post=1011"}],"wp:featuredmedia":[{"embeddable":true,"href":"https:\/\/bekagas.com\/jotaespaciocreativo\/wp-json\/wp\/v2\/media\/1012"}],"wp:attachment":[{"href":"https:\/\/bekagas.com\/jotaespaciocreativo\/wp-json\/wp\/v2\/media?parent=1011"}],"wp:term":[{"taxonomy":"product_brand","embeddable":true,"href":"https:\/\/bekagas.com\/jotaespaciocreativo\/wp-json\/wp\/v2\/product_brand?post=1011"},{"taxonomy":"product_cat","embeddable":true,"href":"https:\/\/bekagas.com\/jotaespaciocreativo\/wp-json\/wp\/v2\/product_cat?post=1011"},{"taxonomy":"product_tag","embeddable":true,"href":"https:\/\/bekagas.com\/jotaespaciocreativo\/wp-json\/wp\/v2\/product_tag?post=1011"}],"curies":[{"name":"wp","href":"https:\/\/api.w.org\/{rel}","templated":true}]}}