{"id":164,"date":"2023-01-16T15:09:09","date_gmt":"2023-01-16T15:09:09","guid":{"rendered":"http:\/\/bekagas.com\/gemamena\/?page_id=164"},"modified":"2023-01-16T16:51:22","modified_gmt":"2023-01-16T16:51:22","slug":"nosotras","status":"publish","type":"page","link":"https:\/\/bekagas.com\/gemamena\/nosotras\/","title":{"rendered":"NOSOTRAS"},"content":{"rendered":"<div data-colibri-id=\"164-c1\" class=\"style-218 style-local-164-c1 position-relative\">\n  <!---->\n  <div data-colibri-component=\"section\" data-colibri-id=\"164-c2\" id=\"about\" class=\"h-section h-section-global-spacing d-flex align-items-lg-center align-items-md-center align-items-center style-219 style-local-164-c2 position-relative\">\n    <!---->\n    <!---->\n    <div class=\"h-section-grid-container h-section-boxed-container\">\n      <!---->\n      <div data-colibri-id=\"164-c3\" class=\"h-row-container gutters-row-lg-2 gutters-row-md-2 gutters-row-2 gutters-row-v-lg-2 gutters-row-v-md-2 gutters-row-v-2 style-220 style-local-164-c3 position-relative\">\n        <!---->\n        <div class=\"h-row justify-content-lg-center justify-content-md-center justify-content-center align-items-lg-stretch align-items-md-stretch align-items-stretch gutters-col-lg-2 gutters-col-md-2 gutters-col-2 gutters-col-v-lg-2 gutters-col-v-md-2 gutters-col-v-2\">\n          <!---->\n          <div class=\"h-column h-column-container d-flex h-col-lg-auto h-col-md-auto h-col-auto style-221-outer style-local-164-c4-outer\">\n            <div data-colibri-id=\"164-c4\" class=\"d-flex h-flex-basis h-column__inner h-px-lg-2 h-px-md-2 h-px-2 v-inner-lg-2 v-inner-md-2 v-inner-2 style-221 style-local-164-c4 position-relative\">\n              <!---->\n              <!---->\n              <div class=\"w-100 h-y-container h-column__content h-column__v-align flex-basis-100 align-self-lg-center align-self-md-center align-self-center\">\n                <!---->\n                <div data-colibri-id=\"164-c5\" class=\"h-global-transition-all h-heading style-222 style-local-164-c5 position-relative h-element\">\n                  <!---->\n                  <div class=\"h-heading__outer style-222 style-local-164-c5\">\n                    <!---->\n                    <!---->\n                    <h6 class=\"\">RELAJACI\u00d3N \u00b7 BIENESTAR \u00b7 SALUD \u00b7 CUIDADOS<\/h6>\n                  <\/div>\n                <\/div>\n                <div data-colibri-id=\"164-c6\" class=\"h-global-transition-all h-heading style-223 style-local-164-c6 position-relative h-element\">\n                  <!---->\n                  <div class=\"h-heading__outer style-223 style-local-164-c6\">\n                    <!---->\n                    <!---->\n                    <h2 class=\"\">Un espacio creado especialmente\n                      <br>para <em style=\"font-family: Playfair Display; color: rgb(3, 169, 244);\">ti<\/em> y para <em style=\"font-family: Playfair Display; color: rgb(3, 169, 244);\">tu cabello<\/em><\/h2>\n                  <\/div>\n                <\/div>\n                <div data-colibri-id=\"164-c7\" class=\"h-lead h-text h-text-component style-224 style-local-164-c7 position-relative h-element\">\n                  <!---->\n                  <!---->\n                  <div class=\"\">\n                    <p>En peluquer\u00eda Gema Mena trabajamos con un concepto propio de cuidado para el cabello, combinando productos naturales con plantas ayurv\u00e9dicas y novedosas t\u00e9cnicas capilares.<\/p>\n                    <p>Bajo un marco con una decoraci\u00f3n muy cuidada y con personalidad propia, nuestras especialistas en salud capilar tienen claro su objetivo: no es solo transformar tu cabello, es tambi\u00e9n cuidar de \u00e9l y de su salud, para que luzca sano\n                      y bonito desde el interior.<\/p>\n                    <p>V\u00e9 un paso m\u00e1s all\u00e1 en el cuidado de tu cabello. \u00a1Prueba el arte de Gema Mena y d\u00e9jate sorprender por su magia!<\/p>\n                  <\/div>\n                <\/div>\n                <div data-colibri-id=\"164-c8\" class=\"h-x-container style-225 style-local-164-c8 position-relative h-element\">\n                  <!---->\n                  <div class=\"h-x-container-inner style-dynamic-164-c8-group style-225-spacing style-local-164-c8-spacing\"><span class=\"h-button__outer style-226-outer style-local-164-c9-outer d-inline-flex h-element\"><a h-use-smooth-scroll=\"true\" href=\"\"  data-colibri-id=\"164-c9\" class=\"d-flex w-100 align-items-center h-button justify-content-lg-center justify-content-md-center justify-content-center style-226 style-local-164-c9 position-relative\"><!----><!----> <span>QUIERO INSPIRACI\u00d3N<\/span><\/a>\n                    <\/span>\n                  <\/div>\n                <\/div>\n              <\/div>\n            <\/div>\n          <\/div>\n          <div class=\"h-column h-column-container d-flex h-col-lg-auto h-col-md-auto h-col-auto style-227-outer style-local-164-c10-outer\">\n            <div data-colibri-id=\"164-c10\" class=\"d-flex h-flex-basis h-column__inner h-px-lg-2 h-px-md-2 h-px-2 v-inner-lg-2 v-inner-md-2 v-inner-2 style-227 style-local-164-c10 position-relative\">\n              <!---->\n              <!---->\n              <div class=\"w-100 h-y-container h-column__content h-column__v-align flex-basis-100 align-self-lg-center align-self-md-center align-self-center\">\n                <!---->\n                <div data-colibri-id=\"164-c11\" class=\"d-block style-228 style-local-164-c11 position-relative h-element\">\n                  <!---->\n                  <div class=\"h-image__frame-container-outer\">\n                    <div class=\"h-image__frame-container\">\n                      <!---->\n                      <!---->\n                      <img loading=\"lazy\" decoding=\"async\" width=\"720\" height=\"720\" src=\"http:\/\/bekagas.com\/gemamena\/wp-content\/uploads\/2023\/01\/cropped-pelu.jpg\" class=\"wp-image-186 style-228-image style-local-164-c11-image\" alt=\"\" srcset=\"https:\/\/bekagas.com\/gemamena\/wp-content\/uploads\/2023\/01\/cropped-pelu.jpg 720w, https:\/\/bekagas.com\/gemamena\/wp-content\/uploads\/2023\/01\/cropped-pelu-300x300.jpg 300w, https:\/\/bekagas.com\/gemamena\/wp-content\/uploads\/2023\/01\/cropped-pelu-150x150.jpg 150w\" sizes=\"auto, (max-width: 720px) 100vw, 720px\" \/>\n                      <div class=\"h-image__frame h-hide-sm style-228-frameImage style-local-164-c11-frameImage\"><\/div>\n                    <\/div>\n                  <\/div>\n                <\/div>\n              <\/div>\n            <\/div>\n          <\/div>\n        <\/div>\n      <\/div>\n    <\/div>\n  <\/div>\n  <div data-colibri-component=\"section\" data-colibri-id=\"164-c12\" id=\"custom\" class=\"h-section h-section-global-spacing d-flex align-items-lg-center align-items-md-center align-items-center style-230 style-local-164-c12 position-relative\">\n    <!---->\n    <!---->\n    <div class=\"h-section-grid-container h-section-boxed-container\">\n      <!---->\n      <div data-colibri-id=\"164-c15\" class=\"h-row-container gutters-row-lg-0 gutters-row-md-0 gutters-row-0 gutters-row-v-lg-0 gutters-row-v-md-0 gutters-row-v-0 style-233 style-local-164-c15 position-relative\">\n        <!---->\n        <div class=\"h-row justify-content-lg-center justify-content-md-center justify-content-center align-items-lg-stretch align-items-md-stretch align-items-stretch gutters-col-lg-0 gutters-col-md-0 gutters-col-0 gutters-col-v-lg-0 gutters-col-v-md-0 gutters-col-v-0\">\n          <!---->\n          <div class=\"h-column h-column-container d-flex h-col-lg-auto h-col-md-auto h-col-auto style-234-outer style-local-164-c16-outer\">\n            <div data-colibri-id=\"164-c16\" class=\"d-flex h-flex-basis h-column__inner h-px-lg-0 h-px-md-0 h-px-0 v-inner-lg-0 v-inner-md-0 v-inner-0 style-234 style-local-164-c16 position-relative\">\n              <!---->\n              <!---->\n              <div class=\"w-100 h-y-container h-column__content h-column__v-align flex-basis-100 align-self-lg-start align-self-md-start align-self-start\">\n                <!---->\n                <div data-colibri-id=\"164-c17\" class=\"h-text h-text-component style-235 style-local-164-c17 position-relative h-element\">\n                  <!---->\n                  <!---->\n                  <div class=\"\">\n                    \n                  <\/div>\n                <\/div>\n              <\/div>\n            <\/div>\n          <\/div>\n        <\/div>\n      <\/div>\n    <\/div>\n  <\/div>\n<\/div>","protected":false},"excerpt":{"rendered":"<p>RELAJACI\u00d3N \u00b7 BIENESTAR \u00b7 SALUD \u00b7 CUIDADOS Un espacio creado especialmente para ti y para tu cabello En peluquer\u00eda Gema Mena trabajamos con un concepto propio de cuidado para el cabello, combinando productos naturales con plantas ayurv\u00e9dicas y novedosas t\u00e9cnicas capilares. Bajo un marco con una decoraci\u00f3n muy cuidada y con personalidad propia, nuestras especialistas [&hellip;]<\/p>\n","protected":false},"author":1,"featured_media":0,"parent":0,"menu_order":0,"comment_status":"closed","ping_status":"closed","template":"page-templates\/full-width-page.php","meta":{"footnotes":""},"class_list":["post-164","page","type-page","status-publish","hentry"],"_links":{"self":[{"href":"https:\/\/bekagas.com\/gemamena\/wp-json\/wp\/v2\/pages\/164","targetHints":{"allow":["GET"]}}],"collection":[{"href":"https:\/\/bekagas.com\/gemamena\/wp-json\/wp\/v2\/pages"}],"about":[{"href":"https:\/\/bekagas.com\/gemamena\/wp-json\/wp\/v2\/types\/page"}],"author":[{"embeddable":true,"href":"https:\/\/bekagas.com\/gemamena\/wp-json\/wp\/v2\/users\/1"}],"replies":[{"embeddable":true,"href":"https:\/\/bekagas.com\/gemamena\/wp-json\/wp\/v2\/comments?post=164"}],"version-history":[{"count":7,"href":"https:\/\/bekagas.com\/gemamena\/wp-json\/wp\/v2\/pages\/164\/revisions"}],"predecessor-version":[{"id":258,"href":"https:\/\/bekagas.com\/gemamena\/wp-json\/wp\/v2\/pages\/164\/revisions\/258"}],"wp:attachment":[{"href":"https:\/\/bekagas.com\/gemamena\/wp-json\/wp\/v2\/media?parent=164"}],"curies":[{"name":"wp","href":"https:\/\/api.w.org\/{rel}","templated":true}]}}