{"id":1089,"date":"2022-05-29T08:51:51","date_gmt":"2022-05-29T08:51:51","guid":{"rendered":"https:\/\/elarguma.com\/?page_id=1089"},"modified":"2022-06-12T19:42:46","modified_gmt":"2022-06-12T19:42:46","slug":"contacto","status":"publish","type":"page","link":"https:\/\/bekagas.com\/elarguma\/contacto\/","title":{"rendered":"CONTACTO"},"content":{"rendered":"<div data-colibri-id=\"1089-c1\" class=\"style-668 style-local-1089-c1 position-relative\">\n  <!---->\n<div data-colibri-component=\"section\" data-colibri-id=\"1089-c2\" id=\"contact\" class=\"h-section h-section-global-spacing d-flex align-items-lg-center align-items-md-center align-items-center style-669 style-local-1089-c2 position-relative\">\n<div class=\"background-wrapper\">\n<div class=\"background-layer background-layer-media-container-lg\">\n        <!---->\n<div class=\"overlay-layer\">\n<div class=\"overlay-image-layer\" style=\"background-color: rgb(30, 31, 34); opacity: 0.5;\"><\/div>\n<\/div>\n<\/div>\n<div class=\"background-layer background-layer-media-container-md\">\n        <!---->\n<div class=\"overlay-layer\">\n<div class=\"overlay-image-layer\" style=\"background-color: rgb(30, 31, 34); opacity: 0.5;\"><\/div>\n<\/div>\n<\/div>\n<div class=\"background-layer background-layer-media-container\">\n        <!---->\n<div class=\"overlay-layer\">\n<div class=\"overlay-image-layer\" style=\"background-color: rgb(30, 31, 34); opacity: 0.5;\"><\/div>\n<\/div>\n<\/div>\n<\/div>\n<!---->\n<div class=\"h-section-grid-container h-section-fluid-container\">\n      <!---->\n<div data-colibri-id=\"1089-c3\" class=\"h-row-container gutters-row-lg-0 gutters-row-md-0 gutters-row-2 gutters-row-v-lg-0 gutters-row-v-md-0 gutters-row-v-2 style-670 style-local-1089-c3 position-relative\">\n        <!---->\n<div class=\"h-row justify-content-lg-center justify-content-md-center justify-content-center align-items-lg-stretch align-items-md-stretch align-items-stretch gutters-col-lg-0 gutters-col-md-0 gutters-col-2 gutters-col-v-lg-0 gutters-col-v-md-0 gutters-col-v-2\">\n          <!---->\n<div class=\"h-column h-column-container d-flex h-col-lg-auto h-col-md-auto h-col-auto style-671-outer style-local-1089-c4-outer\">\n<div data-colibri-id=\"1089-c4\" class=\"d-flex h-flex-basis h-column__inner h-px-lg-0 h-px-md-0 h-px-0 v-inner-lg-0 v-inner-md-0 v-inner-0 style-671 style-local-1089-c4 position-relative\">\n              <!---->\n<!---->\n<div class=\"w-100 h-y-container h-column__content h-column__v-align flex-basis-100 align-self-lg-start align-self-md-start align-self-start\">\n                <!---->\n<div data-colibri-id=\"1089-c5\" class=\"style-789 style-local-1089-c5 position-relative h-element\">\n                  <!----><\/div>\n<div data-colibri-id=\"1089-c6\" class=\"h-row-container gutters-row-lg-0 gutters-row-md-0 gutters-row-0 gutters-row-v-lg-0 gutters-row-v-md-0 gutters-row-v-0 style-672 style-local-1089-c6 position-relative\">\n                  <!---->\n<div class=\"h-row justify-content-lg-center justify-content-md-center justify-content-center align-items-lg-stretch align-items-md-stretch align-items-stretch gutters-col-lg-0 gutters-col-md-0 gutters-col-0 gutters-col-v-lg-0 gutters-col-v-md-0 gutters-col-v-0\">\n                    <!---->\n<div class=\"h-column h-column-container d-flex h-col-lg-auto h-col-md-auto h-col-auto style-673-outer style-local-1089-c7-outer\">\n<div data-colibri-id=\"1089-c7\" class=\"d-flex h-flex-basis h-column__inner h-px-lg-0 h-px-md-0 h-px-0 v-inner-lg-0 v-inner-md-0 v-inner-0 style-673 style-local-1089-c7 position-relative\">\n                        <!---->\n<!---->\n<div class=\"w-100 h-y-container h-column__content h-column__v-align flex-basis-100 align-self-lg-center align-self-md-center align-self-center\">\n                          <!---->\n<div data-colibri-id=\"1089-c8\" class=\"h-global-transition-all h-heading style-674 style-local-1089-c8 position-relative h-element\">\n                            <!---->\n<div class=\"h-heading__outer style-674 style-local-1089-c8\">\n                              <!---->\n<!---->\n<h4 class=\"\">CONT\u00c1CTANOS<\/h4>\n<\/div>\n<\/div>\n<div data-colibri-id=\"1089-c9\" class=\"h-global-transition-all h-heading style-680 style-local-1089-c9 position-relative h-element\">\n                            <!---->\n<div class=\"h-heading__outer style-680 style-local-1089-c9\">\n                              <!---->\n<!---->\n<h5 class=\"\">estaremos encantados de atenderte<\/h5>\n<\/div>\n<\/div>\n<div data-colibri-id=\"1089-c10\" class=\"h-icon style-675 style-local-1089-c10 position-relative h-element\">\n                            <!----><span class=\"h-svg-icon h-icon__icon style-675-icon style-local-1089-c10-icon\"><!--Icon by Font Awesome (https:\/\/fontawesome.com)--><svg version=\"1.1\" xmlns=\"http:\/\/www.w3.org\/2000\/svg\" xmlns:xlink=\"http:\/\/www.w3.org\/1999\/xlink\" id=\"hand-peace-o\" viewBox=\"0 0 1536 1896.0833\"><path d=\"M1288 647q60 0 107 23 141 63 141 226v177q0 94-23 186l-85 339q-21 86-90.5 140t-157.5 54H512q-106 0-181-75t-75-181v-401L17 507Q0 462 0 416q0-106 75-181t181-75q80 0 145.5 45.5T495 325l17 44V256q0-106 75-181T768 0t181 75 75 181v261q27-5 48-5 69 0 127.5 36.5T1288 647zm-216-7q-33 0-60.5 18T970 706l-74 163-71 155h55q50 0 90 31.5t50 80.5l154-338q10-20 10-46 0-46-33-79t-79-33zm221 135q-22 0-40.5 8t-29 16-23.5 29.5-17 30.5-17 37l-132 290q-10 20-10 46 0 46 33 79t79 33q33 0 60.5-18t41.5-48l160-352q9-18 9-38 0-50-32-81.5t-82-31.5zM128 416q0 22 8 46l248 650v69l102-111q43-46 106-46h198l106-233V256q0-53-37.5-90.5T768 128t-90.5 37.5T640 256v640h-64L376 370q-14-37-47-59.5T256 288q-53 0-90.5 37.5T128 416zm1052 1248q44 0 78.5-27t45.5-70l85-339q19-73 19-155v-91l-141 310q-17 38-53 61t-78 23q-53 0-93.5-34.5T994 1255q-44 57-114 57H672v-32h208q46 0 81-33t35-79-31-79-77-33H592q-49 0-82 36l-126 136v308q0 53 37.5 90.5T512 1664h668z\"><\/path><\/svg><\/span><\/div>\n<div data-colibri-id=\"1089-c11\" class=\"icon-list d-flex justify-content-lg-center justify-content-md-center justify-content-center style-681 style-local-1089-c11 position-relative h-element\">\n<!---->\n<ul class=\"ul-list-icon vertical-on-desktop vertical-on-tablet vertical-on-mobile justify-content-lg-center justify-content-md-center justify-content-center\">\n                              <!---->\n \t<li class=\"list-item no-gutters\">\n                                <!---->\n<div class=\"list-container-divider d-flex justify-content-lg-center justify-content-md-center justify-content-center first-el-spacer\"><\/div>\n<a href=\"tel:613035913\" h-use-smooth-scroll=\"true\" class=\"item-link no-gutters\"><\/a>\n\n<a href=\"tel:613035913\" h-use-smooth-scroll=\"true\" class=\"item-link no-gutters\">\n<div class=\"d-flex h-col no-gutters align-items-lg-center align-items-md-center align-items-center list-item-text-wrapper\">\n<div class=\"d-flex\"><span class=\"h-svg-icon style-681-icon style-local-1089-c11-icon\"><!--Icon by Font Awesome (https:\/\/fontawesome.com)--><svg version=\"1.1\" xmlns=\"http:\/\/www.w3.org\/2000\/svg\" xmlns:xlink=\"http:\/\/www.w3.org\/1999\/xlink\" id=\"phone\" viewBox=\"0 0 1408 1896.0833\"><path d=\"M1408 1240q0 27-10 70.5t-21 68.5q-21 50-122 106-94 51-186 51-27 0-53-3.5t-57.5-12.5-47-14.5T856 1485t-49-18q-98-35-175-83-127-79-264-216T152 904q-48-77-83-175-3-9-18-49t-20.5-55.5-14.5-47T3.5 520 0 467q0-92 51-186 56-101 106-122 25-11 68.5-21t70.5-10q14 0 21 3 18 6 53 76 11 19 30 54t35 63.5 31 53.5q3 4 17.5 25t21.5 35.5 7 28.5q0 20-28.5 50t-62 55-62 53-28.5 46q0 9 5 22.5t8.5 20.5 14 24 11.5 19q76 137 174 235t235 174q2 1 19 11.5t24 14 20.5 8.5 22.5 5q18 0 46-28.5t53-62 55-62 50-28.5q14 0 28.5 7t35.5 21.5 25 17.5q25 15 53.5 31t63.5 35 54 30q70 35 76 53 3 7 3 21z\"><\/path><\/svg><\/span><\/div>\n<span class=\"list-text d-block\"><span>613 035 913<\/span><\/span>\n\n<\/div>\n<\/a><a href=\"tel:613035913\" h-use-smooth-scroll=\"true\" class=\"item-link no-gutters\">                                <\/a>\n<div class=\"list-container-divider d-flex justify-content-lg-center justify-content-md-center justify-content-center\">\n                                  <!----><\/div><\/li>\n \t<li class=\"list-item no-gutters\">\n                                <!---->\n<!---->\n<a href=\"mailto:info@elarguma.com\" h-use-smooth-scroll=\"true\" class=\"item-link no-gutters\">\n<div class=\"d-flex h-col no-gutters align-items-lg-center align-items-md-center align-items-center list-item-text-wrapper\">\n<div class=\"d-flex\"><span class=\"h-svg-icon style-681-icon style-local-1089-c11-icon\"><!--Icon by Font Awesome (https:\/\/fontawesome.com)--><svg version=\"1.1\" xmlns=\"http:\/\/www.w3.org\/2000\/svg\" xmlns:xlink=\"http:\/\/www.w3.org\/1999\/xlink\" id=\"envelope\" viewBox=\"0 0 1792 1896.0833\"><path d=\"M1792 710v794q0 66-47 113t-113 47H160q-66 0-113-47T0 1504V710q44 49 101 87 362 246 497 345 57 42 92.5 65.5t94.5 48 110 24.5h2q51 0 110-24.5t94.5-48 92.5-65.5q170-123 498-345 57-39 100-87zm0-294q0 79-49 151t-122 123q-376 261-468 325-10 7-42.5 30.5t-54 38-52 32.5-57.5 27-50 9h-2q-23 0-50-9t-57.5-27-52-32.5-54-38T639 1015q-91-64-262-182.5T172 690q-62-42-117-115.5T0 438q0-78 41.5-130T160 256h1472q65 0 112.5 47t47.5 113z\"><\/path><\/svg><\/span><\/div>\n<span class=\"list-text d-block\"><span>info@elarguma.com<\/span><\/span>\n\n<\/div>\n<\/a><a href=\"mailto:info@elarguma.com\" h-use-smooth-scroll=\"true\" class=\"item-link no-gutters\">                                <\/a>\n<div class=\"list-container-divider d-flex justify-content-lg-center justify-content-md-center justify-content-center\" style=\"display: none;\">\n                                  <!----><\/div>\n<div class=\"list-container-divider d-flex justify-content-lg-center justify-content-md-center justify-content-center last-el-spacer\"><\/div><\/li>\n<\/ul>\n<\/div>\n<\/div>\n<\/div>\n<\/div>\n<div class=\"h-column h-column-container d-flex h-col-lg-auto h-col-md-auto h-col-auto style-678-outer style-local-1089-c12-outer\">\n<div data-colibri-id=\"1089-c12\" class=\"d-flex h-flex-basis h-column__inner h-px-lg-0 h-px-md-0 h-px-0 v-inner-lg-0 v-inner-md-0 v-inner-0 style-678 style-local-1089-c12 position-relative\">\n                      <!---->\n<!---->\n<div class=\"w-100 h-y-container h-column__content h-column__v-align flex-basis-100 align-self-lg-center align-self-md-center align-self-center\">\n                        <!---->\n<div data-colibri-id=\"1089-c13\" class=\"style-679 style-local-1089-c13 position-relative h-element\">\n                          <!---->\n<div class=\"h-global-transition-all h-global-transition h-global-transition-all h-contact-form-shortcode\">\n<div class=\"wpcf7 no-js\" id=\"wpcf7-f85-o1\" lang=\"es-ES\" dir=\"ltr\" data-wpcf7-id=\"85\">\n<div class=\"screen-reader-response\"><p role=\"status\" aria-live=\"polite\" aria-atomic=\"true\"><\/p> <ul><\/ul><\/div>\n<form action=\"\/elarguma\/wp-json\/wp\/v2\/pages\/1089#wpcf7-f85-o1\" method=\"post\" class=\"wpcf7-form init\" aria-label=\"Formulario de contacto\" novalidate=\"novalidate\" data-status=\"init\">\n<fieldset class=\"hidden-fields-container\"><input type=\"hidden\" name=\"_wpcf7\" value=\"85\" \/><input type=\"hidden\" name=\"_wpcf7_version\" value=\"6.1.5\" \/><input type=\"hidden\" name=\"_wpcf7_locale\" value=\"es_ES\" \/><input type=\"hidden\" name=\"_wpcf7_unit_tag\" value=\"wpcf7-f85-o1\" \/><input type=\"hidden\" name=\"_wpcf7_container_post\" value=\"0\" \/><input type=\"hidden\" name=\"_wpcf7_posted_data_hash\" value=\"\" \/><input type=\"hidden\" name=\"_wpcf7_recaptcha_response\" value=\"\" \/>\n<\/fieldset>\n<p><label> Nombre <span class=\"wpcf7-form-control-wrap\" data-name=\"Nombre\"><input size=\"40\" maxlength=\"400\" class=\"wpcf7-form-control wpcf7-text\" aria-invalid=\"false\" placeholder=\"Ind\u00edcanos tu nombre para poder dirigirnos a ti\" value=\"\" type=\"text\" name=\"Nombre\" \/><\/span> <\/label><br \/>\n<label> Tel\u00e9fono <span class=\"wpcf7-form-control-wrap\" data-name=\"Telefono\"><input size=\"40\" maxlength=\"400\" class=\"wpcf7-form-control wpcf7-tel wpcf7-text wpcf7-validates-as-tel\" aria-invalid=\"false\" placeholder=\"\u00bfQuieres que te llamemos?\" value=\"\" type=\"tel\" name=\"Telefono\" \/><\/span> <\/label><br \/>\n<label> Correo electr\u00f3nico* <span class=\"wpcf7-form-control-wrap\" data-name=\"Correo\"><input size=\"40\" maxlength=\"400\" class=\"wpcf7-form-control wpcf7-email wpcf7-validates-as-required wpcf7-text wpcf7-validates-as-email\" aria-required=\"true\" aria-invalid=\"false\" placeholder=\"Dinos un email donde poder responderte\" value=\"\" type=\"email\" name=\"Correo\" \/><\/span> <\/label><br \/>\n<label> Mensaje <span class=\"wpcf7-form-control-wrap\" data-name=\"Mensaje\"><textarea cols=\"40\" rows=\"3\" maxlength=\"2000\" class=\"wpcf7-form-control wpcf7-textarea\" aria-invalid=\"false\" placeholder=\"\u00bfQu\u00e9 quieres decirnos?\" name=\"Mensaje\"><\/textarea><\/span> <\/label><br \/>\n<input class=\"wpcf7-form-control wpcf7-submit has-spinner\" type=\"submit\" value=\"Enviar\" \/>\n<\/p><div class=\"wpcf7-response-output\" aria-hidden=\"true\"><\/div>\n<\/form>\n<\/div>\n<\/div>\n<\/div>\n<\/div>\n<\/div>\n<\/div>\n<\/div>\n<\/div>\n<div data-colibri-id=\"1089-c14\" class=\"style-790 style-local-1089-c14 position-relative h-element\">\n                <!----><\/div>\n<div data-colibri-id=\"1089-c21\" class=\"h-text h-text-component style-855 style-local-1089-c21 position-relative h-element\">\n                <!---->\n<!---->\n<div class=\"\">\n\n\n<div class=\"wrap plugin-container\">\n\n\t\n\t\n\t\t<div class=\"notice is-dismissible notice-warning\">\n\t\t\t\t\t<p>Your Pro version of Vik Booking was downgraded to the Free version after the update. Please visit the <a href=\"admin.php?page=vikbooking&view=getpro\">Go to Pro<\/a> page to restore your Pro settings and complete the update process.<\/p>\n\t\t\t\t<\/div>\n\t\n<form action=\"https:\/\/bekagas.com\/elarguma\/contacto\/\" method=\"post\">\n\t<div class=\"vbsearchorderdiv\">\n\t\t<div class=\"vbsearchorderinner\">\n\t\t\t<span class=\"vbsearchordertitle\">Buscar Reservas<\/span>\n\t\t<\/div>\n\t\t<div class=\"vbo-bookings-list-search\">\n\t\t\t<span>N\u00famero de confirmaci\u00f3n o c\u00f3digo PIN<\/span>\n\t\t\t<input type=\"text\" name=\"confirmnumber\" value=\"\" size=\"12\"\/> \n\t\t\t<input type=\"submit\" class=\"btn vbsearchordersubmit vbo-pref-color-btn\" name=\"vbsearchorder\" value=\"Buscar\"\/>\n\t\t<\/div>\n\t<\/div>\n<\/form>\n\n\n<\/div>\n\n\n<\/div>\n<\/div>\n<div data-colibri-id=\"1089-c16\" class=\"style-854 style-local-1089-c16 position-relative h-element\">\n                <!----><\/div>\n<\/div>\n<\/div>\n<\/div>\n<\/div>\n<\/div>\n<\/div>\n<\/div>\n<\/div>","protected":false},"excerpt":{"rendered":"<p>CONT\u00c1CTANOS estaremos encantados de atenderte 613 035 913 info@elarguma.com<\/p>\n","protected":false},"author":1,"featured_media":0,"parent":0,"menu_order":0,"comment_status":"closed","ping_status":"closed","template":"page-templates\/full-width-page.php","meta":{"_joinchat":[],"footnotes":""},"class_list":["post-1089","page","type-page","status-publish","hentry"],"yoast_head":"<!-- This site is optimized with the Yoast SEO plugin v27.5 - https:\/\/yoast.com\/product\/yoast-seo-wordpress\/ -->\n<title>CONTACTO | El \u00c1rguma<\/title>\n<meta name=\"description\" content=\"En El \u00c1rguma, Casas Vacacionales en Asturias, queremos saber qu\u00e9 necesitas. D\u00ednoslo y estaremos encantados de atenderte.\" \/>\n<meta name=\"robots\" content=\"index, follow, max-snippet:-1, max-image-preview:large, max-video-preview:-1\" \/>\n<link rel=\"canonical\" href=\"https:\/\/bekagas.com\/elarguma\/contacto\/\" \/>\n<meta property=\"og:locale\" content=\"es_ES\" \/>\n<meta property=\"og:type\" content=\"article\" \/>\n<meta property=\"og:title\" content=\"CONTACTO | El \u00c1rguma\" \/>\n<meta property=\"og:description\" content=\"En El \u00c1rguma, Casas Vacacionales en Asturias, queremos saber qu\u00e9 necesitas. D\u00ednoslo y estaremos encantados de atenderte.\" \/>\n<meta property=\"og:url\" content=\"https:\/\/bekagas.com\/elarguma\/contacto\/\" \/>\n<meta property=\"og:site_name\" content=\"El \u00c1rguma\" \/>\n<meta property=\"article:modified_time\" content=\"2022-06-12T19:42:46+00:00\" \/>\n<meta name=\"twitter:card\" content=\"summary_large_image\" \/>\n<meta name=\"twitter:label1\" content=\"Tiempo de lectura\" \/>\n\t<meta name=\"twitter:data1\" content=\"1 minuto\" \/>\n<script type=\"application\/ld+json\" class=\"yoast-schema-graph\">{\"@context\":\"https:\\\/\\\/schema.org\",\"@graph\":[{\"@type\":[\"WebPage\",\"ContactPage\"],\"@id\":\"https:\\\/\\\/bekagas.com\\\/elarguma\\\/contacto\\\/\",\"url\":\"https:\\\/\\\/bekagas.com\\\/elarguma\\\/contacto\\\/\",\"name\":\"CONTACTO | El \u00c1rguma\",\"isPartOf\":{\"@id\":\"https:\\\/\\\/bekagas.com\\\/elarguma\\\/#website\"},\"datePublished\":\"2022-05-29T08:51:51+00:00\",\"dateModified\":\"2022-06-12T19:42:46+00:00\",\"description\":\"En El \u00c1rguma, Casas Vacacionales en Asturias, queremos saber qu\u00e9 necesitas. D\u00ednoslo y estaremos encantados de atenderte.\",\"breadcrumb\":{\"@id\":\"https:\\\/\\\/bekagas.com\\\/elarguma\\\/contacto\\\/#breadcrumb\"},\"inLanguage\":\"es\",\"potentialAction\":[{\"@type\":\"ReadAction\",\"target\":[\"https:\\\/\\\/bekagas.com\\\/elarguma\\\/contacto\\\/\"]}]},{\"@type\":\"BreadcrumbList\",\"@id\":\"https:\\\/\\\/bekagas.com\\\/elarguma\\\/contacto\\\/#breadcrumb\",\"itemListElement\":[{\"@type\":\"ListItem\",\"position\":1,\"name\":\"Inicio\",\"item\":\"https:\\\/\\\/bekagas.com\\\/elarguma\\\/\"},{\"@type\":\"ListItem\",\"position\":2,\"name\":\"CONTACTO\"}]},{\"@type\":\"WebSite\",\"@id\":\"https:\\\/\\\/bekagas.com\\\/elarguma\\\/#website\",\"url\":\"https:\\\/\\\/bekagas.com\\\/elarguma\\\/\",\"name\":\"El \u00c1rguma\",\"description\":\"Casas Vacacionales en Asturias\",\"publisher\":{\"@id\":\"https:\\\/\\\/bekagas.com\\\/elarguma\\\/#organization\"},\"potentialAction\":[{\"@type\":\"SearchAction\",\"target\":{\"@type\":\"EntryPoint\",\"urlTemplate\":\"https:\\\/\\\/bekagas.com\\\/elarguma\\\/?s={search_term_string}\"},\"query-input\":{\"@type\":\"PropertyValueSpecification\",\"valueRequired\":true,\"valueName\":\"search_term_string\"}}],\"inLanguage\":\"es\"},{\"@type\":\"Organization\",\"@id\":\"https:\\\/\\\/bekagas.com\\\/elarguma\\\/#organization\",\"name\":\"El \u00c1rguma\",\"url\":\"https:\\\/\\\/bekagas.com\\\/elarguma\\\/\",\"logo\":{\"@type\":\"ImageObject\",\"inLanguage\":\"es\",\"@id\":\"https:\\\/\\\/bekagas.com\\\/elarguma\\\/#\\\/schema\\\/logo\\\/image\\\/\",\"url\":\"http:\\\/\\\/bekagas.com\\\/elarguma\\\/wp-content\\\/uploads\\\/2022\\\/04\\\/cropped-Logo-El-Arguma.png\",\"contentUrl\":\"http:\\\/\\\/bekagas.com\\\/elarguma\\\/wp-content\\\/uploads\\\/2022\\\/04\\\/cropped-Logo-El-Arguma.png\",\"width\":500,\"height\":144,\"caption\":\"El \u00c1rguma\"},\"image\":{\"@id\":\"https:\\\/\\\/bekagas.com\\\/elarguma\\\/#\\\/schema\\\/logo\\\/image\\\/\"}}]}<\/script>\n<!-- \/ Yoast SEO plugin. -->","yoast_head_json":{"title":"CONTACTO | El \u00c1rguma","description":"En El \u00c1rguma, Casas Vacacionales en Asturias, queremos saber qu\u00e9 necesitas. D\u00ednoslo y estaremos encantados de atenderte.","robots":{"index":"index","follow":"follow","max-snippet":"max-snippet:-1","max-image-preview":"max-image-preview:large","max-video-preview":"max-video-preview:-1"},"canonical":"https:\/\/bekagas.com\/elarguma\/contacto\/","og_locale":"es_ES","og_type":"article","og_title":"CONTACTO | El \u00c1rguma","og_description":"En El \u00c1rguma, Casas Vacacionales en Asturias, queremos saber qu\u00e9 necesitas. D\u00ednoslo y estaremos encantados de atenderte.","og_url":"https:\/\/bekagas.com\/elarguma\/contacto\/","og_site_name":"El \u00c1rguma","article_modified_time":"2022-06-12T19:42:46+00:00","twitter_card":"summary_large_image","twitter_misc":{"Tiempo de lectura":"1 minuto"},"schema":{"@context":"https:\/\/schema.org","@graph":[{"@type":["WebPage","ContactPage"],"@id":"https:\/\/bekagas.com\/elarguma\/contacto\/","url":"https:\/\/bekagas.com\/elarguma\/contacto\/","name":"CONTACTO | El \u00c1rguma","isPartOf":{"@id":"https:\/\/bekagas.com\/elarguma\/#website"},"datePublished":"2022-05-29T08:51:51+00:00","dateModified":"2022-06-12T19:42:46+00:00","description":"En El \u00c1rguma, Casas Vacacionales en Asturias, queremos saber qu\u00e9 necesitas. D\u00ednoslo y estaremos encantados de atenderte.","breadcrumb":{"@id":"https:\/\/bekagas.com\/elarguma\/contacto\/#breadcrumb"},"inLanguage":"es","potentialAction":[{"@type":"ReadAction","target":["https:\/\/bekagas.com\/elarguma\/contacto\/"]}]},{"@type":"BreadcrumbList","@id":"https:\/\/bekagas.com\/elarguma\/contacto\/#breadcrumb","itemListElement":[{"@type":"ListItem","position":1,"name":"Inicio","item":"https:\/\/bekagas.com\/elarguma\/"},{"@type":"ListItem","position":2,"name":"CONTACTO"}]},{"@type":"WebSite","@id":"https:\/\/bekagas.com\/elarguma\/#website","url":"https:\/\/bekagas.com\/elarguma\/","name":"El \u00c1rguma","description":"Casas Vacacionales en Asturias","publisher":{"@id":"https:\/\/bekagas.com\/elarguma\/#organization"},"potentialAction":[{"@type":"SearchAction","target":{"@type":"EntryPoint","urlTemplate":"https:\/\/bekagas.com\/elarguma\/?s={search_term_string}"},"query-input":{"@type":"PropertyValueSpecification","valueRequired":true,"valueName":"search_term_string"}}],"inLanguage":"es"},{"@type":"Organization","@id":"https:\/\/bekagas.com\/elarguma\/#organization","name":"El \u00c1rguma","url":"https:\/\/bekagas.com\/elarguma\/","logo":{"@type":"ImageObject","inLanguage":"es","@id":"https:\/\/bekagas.com\/elarguma\/#\/schema\/logo\/image\/","url":"http:\/\/bekagas.com\/elarguma\/wp-content\/uploads\/2022\/04\/cropped-Logo-El-Arguma.png","contentUrl":"http:\/\/bekagas.com\/elarguma\/wp-content\/uploads\/2022\/04\/cropped-Logo-El-Arguma.png","width":500,"height":144,"caption":"El \u00c1rguma"},"image":{"@id":"https:\/\/bekagas.com\/elarguma\/#\/schema\/logo\/image\/"}}]}},"_links":{"self":[{"href":"https:\/\/bekagas.com\/elarguma\/wp-json\/wp\/v2\/pages\/1089","targetHints":{"allow":["GET"]}}],"collection":[{"href":"https:\/\/bekagas.com\/elarguma\/wp-json\/wp\/v2\/pages"}],"about":[{"href":"https:\/\/bekagas.com\/elarguma\/wp-json\/wp\/v2\/types\/page"}],"author":[{"embeddable":true,"href":"https:\/\/bekagas.com\/elarguma\/wp-json\/wp\/v2\/users\/1"}],"replies":[{"embeddable":true,"href":"https:\/\/bekagas.com\/elarguma\/wp-json\/wp\/v2\/comments?post=1089"}],"version-history":[{"count":20,"href":"https:\/\/bekagas.com\/elarguma\/wp-json\/wp\/v2\/pages\/1089\/revisions"}],"predecessor-version":[{"id":2897,"href":"https:\/\/bekagas.com\/elarguma\/wp-json\/wp\/v2\/pages\/1089\/revisions\/2897"}],"wp:attachment":[{"href":"https:\/\/bekagas.com\/elarguma\/wp-json\/wp\/v2\/media?parent=1089"}],"curies":[{"name":"wp","href":"https:\/\/api.w.org\/{rel}","templated":true}]}}